{"id":2942,"date":"2019-08-02T16:09:41","date_gmt":"2019-08-02T14:09:41","guid":{"rendered":"https:\/\/creartemarket.com\/celmy\/?page_id=2942"},"modified":"2020-01-22T22:30:20","modified_gmt":"2020-01-23T03:30:20","slug":"terminos-condiciones","status":"publish","type":"page","link":"https:\/\/www.celmyltda.com\/uniformes-empresariales\/terminos-condiciones\/","title":{"rendered":"T\u00e9rminos y condiciones"},"content":{"rendered":"\n<p><strong>Resumen de nuestros T\u00e9rminos y Condiciones<\/strong><br><br><\/p>\n\n\n\n<ul class=\"wp-block-list\"><li>Al realizar una orden por cualquiera de nuestros productos, el cliente acepta estar de acuerdo con estos T\u00e9rminos y Condiciones.<\/li><li>Al realizar una compra en nuestra tienda online, el cliente garantiza ser mayor de edad o tener permiso de sus padres para realizar compras en nuestra tienda.<\/li><li>Toda informaci\u00f3n personal de la que el cliente provea al vendedor o \u00e9ste obtenga, ser\u00e1 administrada por el vendedor como responsable de la misma.<\/li><li>Cualquier evento fuera del poder o control del vendedor se considerar\u00e1 de fuerza mayor.<\/li><li>El precio aplicado a la compra es el que figure al momento de realizada la misma.<\/li><li>Los costos de env\u00edo y tarifas pertinentes son contempladas por el cliente antes de confirmar una compra.<\/li><li>Toda informaci\u00f3n pertinente a las tarjetas utilizadas es cifrada por SSL y no es almacenada de ninguna manera.<\/li><li>Por favor contemple qu\u00e9 impuestos locales podr\u00edan aplicarse.<\/li><li>La tienda se reserva el derecho de poder corregir todo tipo de informaci\u00f3n sin previo aviso.<br><br><\/li><\/ul>\n\n\n\n<p><strong>T\u00e9rminos y Condiciones<\/strong><\/p>\n\n\n\n<p>Esta p\u00e1gina contiene los T\u00e9rminos y Condiciones. Por favor lea estos T\u00e9rminos y Condiciones cuidadosamente antes de realizar alguna orden por nuestros productos. El cliente debe comprender que al ordenar cualquiera de nuestros productos acepta estar de acuerdo con estos T\u00e9rminos y Condiciones.<br>Al realizar una compra en nuestra tienda online, el cliente garantiza ser mayor de edad o tener permiso de sus padres para realizar compras en nuestra tienda y acepta estos T\u00e9rminos y Condiciones, los cuales aplican a todas las compras realizadas o por realizarse en nuestra tienda online por la venta y\/o provisi\u00f3n de cualquier producto. Ninguno de estos T\u00e9rminos y Condiciones afecta los derechos legales del cliente. Ninguna otra cl\u00e1usula o cambio a los T\u00e9rminos y Condiciones ser\u00e1 contemplada a menos que sea acordada por escrito y firmada por los representantes legales de la tienda.<\/p>\n\n\n\n<p><strong>Informaci\u00f3n personal<\/strong><\/p>\n\n\n\n<p>Toda informaci\u00f3n personal de la que el cliente provea a la tienda o \u00e9ste obtenga, ser\u00e1 administrada por la tienda como responsable de la misma. La informaci\u00f3n personal prove\u00edda ser\u00e1 utilizada para proporcionarle al cliente, la entidad crediticia, ofertas e informaci\u00f3n de nuestro cat\u00e1logo. La informaci\u00f3n prove\u00edda s\u00f3lo se encuentra disponible para la tienda y no ser\u00e1 compartida con terceros. El cliente tiene derecho a consultar sobre toda informaci\u00f3n de s\u00ed mismo que la tienda tenga almacenada en sus registros. El cliente tiene el derecho de pedir que se borre o corrija cualquier tipo de informaci\u00f3n almacenada sobre s\u00ec mismo. Al aceptar nuestros T\u00e9rminos y Condiciones, el cliente acepta todo lo anterior.<\/p>\n\n\n\n<p><strong>Fuerza mayor<\/strong><\/p>\n\n\n\n<p>Eventos fuera del poder o control de la tienda, los cuales no son razonablemente previsibles, ser\u00e1n considerados de fuerza mayor, entendi\u00e9ndose por esto que la tienda no se encontrar\u00e1 en posici\u00f3n de cumplir con los acuerdos contractuales. Ejemplos de tales eventos son la acci\u00f3n u omisi\u00f3n del gobierno, legislaci\u00f3n nueva o cambiada, conflictos, embargos, incendios o inundaciones, sabotaje, accidentes, guerra, desastres naturales, huelgas o falta de reposici\u00f3n por parte de los proveedores. La fuerza mayor tambi\u00e9n incluye decisiones del gobierno que afecten negativamente al mercado y a los productos, por ejemplo, restricciones, anulaciones, etc.<\/p>\n\n\n\n<p><strong>Pago<\/strong><\/p>\n\n\n\n<p>Todos los productos son de la propiedad de la tienda hasta que todo el proceso de pago sea culminado. El precio aplicado a la compra es el que figure al momento de realizada la misma. Los costos de env\u00edo y tarifas pertinentes son contempladas por el cliente antes de confirmar una compra. Si el cliente fuera menor de edad, debe tener autorizaci\u00f3n de sus padres o tutores para comprar en nuestra tienda online. Todas las transacciones hechas en nuestra tienda online son realizadas a trav\u00e9s de medios de pago autorizados que garantizan la protecci\u00f3n total de las mismas. Toda informaci\u00f3n pertinente a las tarjetas de cr\u00e9dito o d\u00e9bito utilizadas es cifrada por SSL y no es almacenada de ninguna manera. Por favor, lea los T\u00e9rminos y Condiciones para los medios de pago correspondientes ya que ellos son los responsables de todas las transacciones.<\/p>\n\n\n\n<p><strong>Impuestos locales<\/strong><\/p>\n\n\n\n<p>Por favor contemple qu\u00e9 impuestos locales (impuestos de venta, aranceles de aduana, compra al exterior) podr\u00edan aplicarse, dependendiendo de la regi\u00f2n en la que se encuentre el cliente y el tipo de regulaci\u00f3n aduanera que podr\u00eda o no aplicarse. Estos cargos corren \u00fanicamente por cuenta del cliente.<\/p>\n\n\n\n<p><strong>Cookies<\/strong><\/p>\n\n\n\n<p>Nuestra tienda online utiliza cookies de acuerdo a las nuevas normativas del \u00faltimo ECPA. Una cookie es un peque\u00f1o documento de texto que se guarda en la computadora del cliente y contiene informaci\u00f3n que ayuda a nuestra tienda online a identificar y hacer un seguimiento de nuestros clientes. Las cookies no da\u00f1an la computadora del cliente, consiste solamente de texto, no puede contener virus y, virtualmente, no ocupa espacio en el disco r\u00edgido del cliente. Para utilizar de una manera conveniente nuestra tienda online, el cliente necesita tener las cookies habilitadas. En nuestra tienda online utilizamos este tipo de archivos para llevar un seguimiento de las compras que el cliente efect\u00fae y crear estad\u00edsticas de las mismas. La informaci\u00f3n guardada en la computadora del cliente es de tipo \u00fanico y no tiene ninguna conexi\u00f3n a la informaci\u00f3n personal del mismo.<\/p>\n\n\n\n<p><strong>Informaci\u00f3n adicional<\/strong><\/p>\n\n\n\n<p>La tienda se reserva el derecho de corregir cualquier tipo de informaci\u00f3n, inclu\u00eddo y no limitado a precios, especificaciones t\u00e9cnicas, t\u00e9rminos de compra y ofertas de producto sin previo aviso. Al momento en que un producto quedase agotado, La tienda tiene derecho a cancelar la compra y realizar un reembolso sobre el importe pagado por el cliente de la manera m\u00e1s conveniente para el primero. El vendedor tambi\u00e9n deber\u00e1 notificar al cliente en caso de tener productos equivalentes para reemplazar el agotado, si es que \u00e9stos existiesen.<\/p>\n\n\n\n<p>Ante cualquier duda, escr\u00edbenos a: miguel_garcia@celmyltda.com.<\/p>\n","protected":false},"excerpt":{"rendered":"<p>Resumen de nuestros T\u00e9rminos y Condiciones Al realizar una orden por cualquiera de nuestros productos, el cliente acepta estar de acuerdo con estos T\u00e9rminos y Condiciones.<span class=\"excerpt-hellip\"> [\u2026]<\/span><\/p>\n","protected":false},"author":1,"featured_media":0,"parent":0,"menu_order":0,"comment_status":"closed","ping_status":"closed","template":"","meta":{"_joinchat":[],"footnotes":""},"class_list":["post-2942","page","type-page","status-publish","hentry"],"aioseo_notices":[],"_links":{"self":[{"href":"https:\/\/www.celmyltda.com\/uniformes-empresariales\/wp-json\/wp\/v2\/pages\/2942","targetHints":{"allow":["GET"]}}],"collection":[{"href":"https:\/\/www.celmyltda.com\/uniformes-empresariales\/wp-json\/wp\/v2\/pages"}],"about":[{"href":"https:\/\/www.celmyltda.com\/uniformes-empresariales\/wp-json\/wp\/v2\/types\/page"}],"author":[{"embeddable":true,"href":"https:\/\/www.celmyltda.com\/uniformes-empresariales\/wp-json\/wp\/v2\/users\/1"}],"replies":[{"embeddable":true,"href":"https:\/\/www.celmyltda.com\/uniformes-empresariales\/wp-json\/wp\/v2\/comments?post=2942"}],"version-history":[{"count":1,"href":"https:\/\/www.celmyltda.com\/uniformes-empresariales\/wp-json\/wp\/v2\/pages\/2942\/revisions"}],"predecessor-version":[{"id":2945,"href":"https:\/\/www.celmyltda.com\/uniformes-empresariales\/wp-json\/wp\/v2\/pages\/2942\/revisions\/2945"}],"wp:attachment":[{"href":"https:\/\/www.celmyltda.com\/uniformes-empresariales\/wp-json\/wp\/v2\/media?parent=2942"}],"curies":[{"name":"wp","href":"https:\/\/api.w.org\/{rel}","templated":true}]}}