{"id":3,"date":"2019-05-28T23:10:22","date_gmt":"2019-05-28T21:10:22","guid":{"rendered":"https:\/\/creartemarket.com\/celmy\/?page_id=3"},"modified":"2020-01-22T22:29:24","modified_gmt":"2020-01-23T03:29:24","slug":"politica-privacidad","status":"publish","type":"page","link":"https:\/\/www.celmyltda.com\/uniformes-empresariales\/politica-privacidad\/","title":{"rendered":"Pol\u00edticas de privacidad"},"content":{"rendered":"\n<p><strong>\u00bfQu\u00e9 haremos con su informaci\u00f3n?<br><\/strong><br>En el momento que ud. efect\u00faa una compra en nuestra tienda, almacenaremos la informaci\u00f3n personal que ud. nos haya brindado (Ejemplo.: Nombre, Direcci\u00f3n F\u00edsica y Direcci\u00f3n de E-Mail, entre otros). Mientras ud. navega por nuestra tienda, tambi\u00e9n nos informamos de su protocolo de internet (IP), con fines de saber sobre qu\u00e9 navegador y sistema operativo utiliza.&nbsp;<br><br>Marketing v\u00eda e-mail: Si tenemos su consentimiento, puede que reciba emails sobre nuestra tienda, nuevos productos y otras novedades.&nbsp;<br><br><\/p>\n\n\n\n<p><strong>Consentimiento<\/strong><br>\u00bfC\u00f3mo tienen mi consentimiento?<br>Al brindarnos su informaci\u00f3n personal, se implica su consentimiento para el almacenamiento de la misma. Se utilizar\u00e1 \u00fanicamente con prop\u00f3sito de completar la transacci\u00f3n deseada. (Si le pedimos informaci\u00f3n personal por motivos secundarios, tales como marketing, ser\u00e1 de manera explicita o tendr\u00e1 opci\u00f3n de negarse.)<br><br>\u00bfQu\u00e9 sucede si no estoy de acuerdo?<br>Si ha aceptado, pero luego cambia de parecer, puede informarnos, dejaremos de contactarlo y utilizar su informaci\u00f3n.<br><br><\/p>\n\n\n\n<p><strong>Advertencia<\/strong><br><br>Estamos en derecho revelar su informaci\u00f3n si la ley lo requiere o si ud. viola nuestros \u201cT\u00e9rminos de Servicio\u201d.<br><br><\/p>\n\n\n\n<p><strong>Links<\/strong><br><br>Al abrir un link en nuestra tienda, puede que lo lleven fuera del sitio. No somos responsables de las pr\u00e1cticas de privacidad de esos sitios e insistimos en que lea cuidadosamente sus pol\u00edticas de privacidad.<br><br><\/p>\n\n\n\n<p><strong>Seguridad<\/strong><br><br>Con el objetivo de proteger su informaci\u00f3n personal, nuestro staff toma precauciones y pone en pr\u00e1ctica las mejores medidas de seguridad del mercado. De \u00e9sta manera, nos aseguramos que no sea perdida, c\u00e1iga en manos equivocadas, se publique, adultere o destruya.<br><br>Si nos brinda informaci\u00f3n sobre su tarjeta de cr\u00e9dito, la misma se encriptar\u00e1 utilizando tecnolog\u00eda secure socket layer (SSL) y AES-256. Si bien ning\u00fan m\u00e9todo de transferencia web o electr\u00f3nica es 100% segura, cumplimos al pie de la letra con todos los requerimientos PCI-DSS.Por favor, lea los T\u00e9rminos y Condiciones para los medios de pago correspondientes ya que ellos son los responsables de todas las transacciones.<br><br><\/p>\n\n\n\n<p><strong>Edad M\u00ednima<\/strong><br><br>Al ingresar en el sitio, ud. implica ser mayor de edad en su estado o provincia, tambi\u00e9n consintiendo el uso del sitio por cualquier menor que dependa de ud.<br><br><\/p>\n\n\n\n<p><strong>Cambios en Pol\u00edticas de Privacidad&nbsp;<\/strong><br><br>La empresa se reserva derecho a modificar sus pol\u00edticas en cualquier momento, recomendamos que las revise regularmente. Los cambios ser\u00e1n efectivos desde el primer momento que se publiquen en nuestro sitio. Si se efect\u00faan cambios en la misma, le haremos saber que as\u00ed es, de \u00e9sa manera, ud. estar\u00e1 informado de qu\u00e9 informaci\u00f3n almacenaremos, qu\u00e9 uso se le dar\u00e1 y bajo qu\u00e9 circunstancias se podr\u00eda revelar. Si nuestra compa\u00f1\u00eda se fusiona o es comprada por otra, su informaci\u00f3n puede ser transferida a los nuevos due\u00f1os para que puedan continuar haciendo negocios con ud.<br><br><\/p>\n\n\n\n<p>Ante cualquier duda, nos puede escribir a: miguel_garcia@celmyltda.com<\/p>\n","protected":false},"excerpt":{"rendered":"<p>\u00bfQu\u00e9 haremos con su informaci\u00f3n?En el momento que ud. efect\u00faa una compra en nuestra tienda, almacenaremos la informaci\u00f3n personal que ud. nos haya brindado (Ejemplo.: Nombre,<span class=\"excerpt-hellip\"> [\u2026]<\/span><\/p>\n","protected":false},"author":1,"featured_media":0,"parent":0,"menu_order":0,"comment_status":"closed","ping_status":"closed","template":"","meta":{"_joinchat":[],"footnotes":""},"class_list":["post-3","page","type-page","status-publish","hentry"],"aioseo_notices":[],"_links":{"self":[{"href":"https:\/\/www.celmyltda.com\/uniformes-empresariales\/wp-json\/wp\/v2\/pages\/3","targetHints":{"allow":["GET"]}}],"collection":[{"href":"https:\/\/www.celmyltda.com\/uniformes-empresariales\/wp-json\/wp\/v2\/pages"}],"about":[{"href":"https:\/\/www.celmyltda.com\/uniformes-empresariales\/wp-json\/wp\/v2\/types\/page"}],"author":[{"embeddable":true,"href":"https:\/\/www.celmyltda.com\/uniformes-empresariales\/wp-json\/wp\/v2\/users\/1"}],"replies":[{"embeddable":true,"href":"https:\/\/www.celmyltda.com\/uniformes-empresariales\/wp-json\/wp\/v2\/comments?post=3"}],"version-history":[{"count":7,"href":"https:\/\/www.celmyltda.com\/uniformes-empresariales\/wp-json\/wp\/v2\/pages\/3\/revisions"}],"predecessor-version":[{"id":3028,"href":"https:\/\/www.celmyltda.com\/uniformes-empresariales\/wp-json\/wp\/v2\/pages\/3\/revisions\/3028"}],"wp:attachment":[{"href":"https:\/\/www.celmyltda.com\/uniformes-empresariales\/wp-json\/wp\/v2\/media?parent=3"}],"curies":[{"name":"wp","href":"https:\/\/api.w.org\/{rel}","templated":true}]}}