{"id":3243,"date":"2025-10-15T11:04:50","date_gmt":"2025-10-15T16:04:50","guid":{"rendered":"https:\/\/www.celmyltda.com\/uniformes-empresariales\/?post_type=product&#038;p=3243"},"modified":"2025-10-17T13:49:51","modified_gmt":"2025-10-17T18:49:51","slug":"pantalon-formal-en-polivizcosa","status":"publish","type":"product","link":"https:\/\/www.celmyltda.com\/uniformes-empresariales\/producto\/pantalon-formal-en-polivizcosa\/","title":{"rendered":"Pantalon formal en polivizcosa"},"content":{"rendered":"<p class=\"p1\">Pantal\u00f3n en tejido de poliviscosa de tacto suave y ca\u00edda natural, con dise\u00f1o cl\u00e1sico y pretina.<\/p>\n","protected":false},"excerpt":{"rendered":"<p class=\"p1\">Pantal\u00f3n en tejido de poliviscosa de tacto suave y ca\u00edda natural, con dise\u00f1o cl\u00e1sico y pretina.<\/p>\n","protected":false},"featured_media":3244,"comment_status":"open","ping_status":"closed","template":"","meta":{"_joinchat":[]},"product_brand":[],"product_cat":[75],"product_tag":[],"class_list":{"0":"post-3243","1":"product","2":"type-product","3":"status-publish","4":"has-post-thumbnail","6":"product_cat-hombre","8":"first","9":"instock","10":"shipping-taxable","11":"product-type-simple"},"aioseo_notices":[],"_links":{"self":[{"href":"https:\/\/www.celmyltda.com\/uniformes-empresariales\/wp-json\/wp\/v2\/product\/3243","targetHints":{"allow":["GET"]}}],"collection":[{"href":"https:\/\/www.celmyltda.com\/uniformes-empresariales\/wp-json\/wp\/v2\/product"}],"about":[{"href":"https:\/\/www.celmyltda.com\/uniformes-empresariales\/wp-json\/wp\/v2\/types\/product"}],"replies":[{"embeddable":true,"href":"https:\/\/www.celmyltda.com\/uniformes-empresariales\/wp-json\/wp\/v2\/comments?post=3243"}],"wp:featuredmedia":[{"embeddable":true,"href":"https:\/\/www.celmyltda.com\/uniformes-empresariales\/wp-json\/wp\/v2\/media\/3244"}],"wp:attachment":[{"href":"https:\/\/www.celmyltda.com\/uniformes-empresariales\/wp-json\/wp\/v2\/media?parent=3243"}],"wp:term":[{"taxonomy":"product_brand","embeddable":true,"href":"https:\/\/www.celmyltda.com\/uniformes-empresariales\/wp-json\/wp\/v2\/product_brand?post=3243"},{"taxonomy":"product_cat","embeddable":true,"href":"https:\/\/www.celmyltda.com\/uniformes-empresariales\/wp-json\/wp\/v2\/product_cat?post=3243"},{"taxonomy":"product_tag","embeddable":true,"href":"https:\/\/www.celmyltda.com\/uniformes-empresariales\/wp-json\/wp\/v2\/product_tag?post=3243"}],"curies":[{"name":"wp","href":"https:\/\/api.w.org\/{rel}","templated":true}]}}