{"id":3253,"date":"2025-10-15T12:44:53","date_gmt":"2025-10-15T17:44:53","guid":{"rendered":"https:\/\/www.celmyltda.com\/uniformes-empresariales\/?post_type=product&#038;p=3253"},"modified":"2025-10-17T13:52:56","modified_gmt":"2025-10-17T18:52:56","slug":"vestido-dos-piezas-chaqueta-y-pantalon","status":"publish","type":"product","link":"https:\/\/www.celmyltda.com\/uniformes-empresariales\/producto\/vestido-dos-piezas-chaqueta-y-pantalon\/","title":{"rendered":"Vestido dos piezas chaqueta y Pantal\u00f3n"},"content":{"rendered":"<p class=\"p1\">Vestido dos piezas compuesto por saco y pantal\u00f3n en tejido de poli\u00e9ster con viscosa. Cuenta con solapa cl\u00e1sica, cierre de dos botones. El pantal\u00f3n cuenta con pretina cierre con bot\u00f3n y cremallera.<\/p>\n","protected":false},"excerpt":{"rendered":"<p>Vestido dos piezas compuesto por saco y pantal\u00f3n en tejido de poli\u00e9ster con viscosa. Cuenta con solapa cl\u00e1sica, cierre de dos botones. El pantal\u00f3n cuenta con pretina cierre con bot\u00f3n y cremallera.<\/p>\n","protected":false},"featured_media":3254,"comment_status":"open","ping_status":"closed","template":"","meta":{"_joinchat":[]},"product_brand":[],"product_cat":[75],"product_tag":[],"class_list":{"0":"post-3253","1":"product","2":"type-product","3":"status-publish","4":"has-post-thumbnail","6":"product_cat-hombre","8":"first","9":"instock","10":"shipping-taxable","11":"product-type-simple"},"aioseo_notices":[],"_links":{"self":[{"href":"https:\/\/www.celmyltda.com\/uniformes-empresariales\/wp-json\/wp\/v2\/product\/3253","targetHints":{"allow":["GET"]}}],"collection":[{"href":"https:\/\/www.celmyltda.com\/uniformes-empresariales\/wp-json\/wp\/v2\/product"}],"about":[{"href":"https:\/\/www.celmyltda.com\/uniformes-empresariales\/wp-json\/wp\/v2\/types\/product"}],"replies":[{"embeddable":true,"href":"https:\/\/www.celmyltda.com\/uniformes-empresariales\/wp-json\/wp\/v2\/comments?post=3253"}],"wp:featuredmedia":[{"embeddable":true,"href":"https:\/\/www.celmyltda.com\/uniformes-empresariales\/wp-json\/wp\/v2\/media\/3254"}],"wp:attachment":[{"href":"https:\/\/www.celmyltda.com\/uniformes-empresariales\/wp-json\/wp\/v2\/media?parent=3253"}],"wp:term":[{"taxonomy":"product_brand","embeddable":true,"href":"https:\/\/www.celmyltda.com\/uniformes-empresariales\/wp-json\/wp\/v2\/product_brand?post=3253"},{"taxonomy":"product_cat","embeddable":true,"href":"https:\/\/www.celmyltda.com\/uniformes-empresariales\/wp-json\/wp\/v2\/product_cat?post=3253"},{"taxonomy":"product_tag","embeddable":true,"href":"https:\/\/www.celmyltda.com\/uniformes-empresariales\/wp-json\/wp\/v2\/product_tag?post=3253"}],"curies":[{"name":"wp","href":"https:\/\/api.w.org\/{rel}","templated":true}]}}