{"id":3295,"date":"2025-10-17T16:20:45","date_gmt":"2025-10-17T21:20:45","guid":{"rendered":"https:\/\/www.celmyltda.com\/uniformes-empresariales\/?post_type=product&#038;p=3295"},"modified":"2025-10-17T16:24:34","modified_gmt":"2025-10-17T21:24:34","slug":"blusa-estepa","status":"publish","type":"product","link":"https:\/\/www.celmyltda.com\/uniformes-empresariales\/producto\/blusa-estepa\/","title":{"rendered":"Blusa Estepa"},"content":{"rendered":"<p class=\"p1\">Blusa en chif\u00f3n con escote en v, con mangas largas y pu\u00f1o el\u00e1stico, de ca\u00edda ligera.<\/p>\n","protected":false},"excerpt":{"rendered":"<p class=\"p1\">Blusa en chif\u00f3n con escote en v, con mangas largas y pu\u00f1o el\u00e1stico, de ca\u00edda ligera.<\/p>\n","protected":false},"featured_media":3296,"comment_status":"open","ping_status":"closed","template":"","meta":{"_joinchat":[]},"product_brand":[],"product_cat":[67],"product_tag":[],"class_list":{"0":"post-3295","1":"product","2":"type-product","3":"status-publish","4":"has-post-thumbnail","6":"product_cat-blusas","8":"first","9":"instock","10":"shipping-taxable","11":"product-type-simple"},"aioseo_notices":[],"_links":{"self":[{"href":"https:\/\/www.celmyltda.com\/uniformes-empresariales\/wp-json\/wp\/v2\/product\/3295","targetHints":{"allow":["GET"]}}],"collection":[{"href":"https:\/\/www.celmyltda.com\/uniformes-empresariales\/wp-json\/wp\/v2\/product"}],"about":[{"href":"https:\/\/www.celmyltda.com\/uniformes-empresariales\/wp-json\/wp\/v2\/types\/product"}],"replies":[{"embeddable":true,"href":"https:\/\/www.celmyltda.com\/uniformes-empresariales\/wp-json\/wp\/v2\/comments?post=3295"}],"wp:featuredmedia":[{"embeddable":true,"href":"https:\/\/www.celmyltda.com\/uniformes-empresariales\/wp-json\/wp\/v2\/media\/3296"}],"wp:attachment":[{"href":"https:\/\/www.celmyltda.com\/uniformes-empresariales\/wp-json\/wp\/v2\/media?parent=3295"}],"wp:term":[{"taxonomy":"product_brand","embeddable":true,"href":"https:\/\/www.celmyltda.com\/uniformes-empresariales\/wp-json\/wp\/v2\/product_brand?post=3295"},{"taxonomy":"product_cat","embeddable":true,"href":"https:\/\/www.celmyltda.com\/uniformes-empresariales\/wp-json\/wp\/v2\/product_cat?post=3295"},{"taxonomy":"product_tag","embeddable":true,"href":"https:\/\/www.celmyltda.com\/uniformes-empresariales\/wp-json\/wp\/v2\/product_tag?post=3295"}],"curies":[{"name":"wp","href":"https:\/\/api.w.org\/{rel}","templated":true}]}}